{"id":17,"date":"2016-10-02T02:46:35","date_gmt":"2016-10-02T02:46:35","guid":{"rendered":"http:\/\/03fotos.de\/?page_id=17"},"modified":"2019-08-14T19:56:54","modified_gmt":"2019-08-14T19:56:54","slug":"kontakt","status":"publish","type":"page","link":"https:\/\/03fotos.de\/?page_id=17","title":{"rendered":"KONTAKT"},"content":{"rendered":"<h2 style=\"text-align: center;\"><span style=\"color: #000000;\"><strong>Email<\/strong><\/span><\/h2>\n<p style=\"text-align: center;\"><strong>Webteam<\/strong>: info[at]03fotos.de<br \/>\n<strong>Filmstadt Inferno 1999<\/strong>: fi99[at]03fotos.de<br \/>\n<strong>Ultra Unfug<\/strong>: ultraunfug[at]03fotos.de<\/p>\n<h2 style=\"text-align: center;\"><span style=\"color: #000000;\"><strong>Facebook<\/strong><\/span><\/h2>\n<p style=\"text-align: center;\"><a href=\"https:\/\/www.facebook.com\/nordkurvebabelsberg\/\" target=\"_blank\" rel=\"noopener noreferrer\">Nordkurve Babelsberg<\/a><\/p>\n<h2 style=\"text-align: center;\"><span style=\"color: #000000;\"><strong>Instagram<\/strong><\/span><\/h2>\n<p style=\"text-align: center;\"><a href=\"https:\/\/www.instagram.com\/03fotosde\/\" target=\"_blank\" rel=\"noopener noreferrer\">03fotosde Instagram<\/a><\/p>\n<p style=\"text-align: center;\"><img decoding=\"async\" class=\"aligncenter\" src=\"http:\/\/03fotos.de\/images\/allgemein\/trenner.jpg\" alt=\"\" \/><\/p>\n<p><span style=\"color: #000000;\"><strong>Disclaimer \u2013 rechtliche Hinweise<\/strong><\/span><br \/>\n\u00a7 1 Warnhinweis zu Inhalten<br \/>\nDie kostenlosen und frei zug\u00e4nglichen Inhalte dieser Webseite wurden mit gr\u00f6\u00dftm\u00f6glicher Sorgfalt erstellt. Der Anbieter dieser Webseite \u00fcbernimmt jedoch keine Gew\u00e4hr f\u00fcr die Richtigkeit und Aktualit\u00e4t der bereitgestellten kostenlosen und frei zug\u00e4nglichen journalistischen Ratgeber und Nachrichten. Namentlich gekennzeichnete Beitr\u00e4ge geben die Meinung des jeweiligen Autors und nicht immer die Meinung des Anbieters wieder. Allein durch den Aufruf der kostenlosen und frei zug\u00e4nglichen Inhalte kommt keinerlei Vertragsverh\u00e4ltnis zwischen dem Nutzer und dem Anbieter zustande, insoweit fehlt es am Rechtsbindungswillen des Anbieters.<\/p>\n<p><span style=\"color: #000000;\">\u00a7 2 Externe Links<\/span><br \/>\nDiese Website enth\u00e4lt Verkn\u00fcpfungen zu Websites Dritter (&#8222;externe Links&#8220;). Diese Websites unterliegen der Haftung der jeweiligen Betreiber. Der Anbieter hat bei der erstmaligen Verkn\u00fcpfung der externen Links die fremden Inhalte daraufhin \u00fcberpr\u00fcft, ob etwaige Rechtsverst\u00f6\u00dfe bestehen. Zu dem Zeitpunkt waren keine Rechtsverst\u00f6\u00dfe ersichtlich. Der Anbieter hat keinerlei Einfluss auf die aktuelle und zuk\u00fcnftige Gestaltung und auf die Inhalte der verkn\u00fcpften Seiten. Das Setzen von externen Links bedeutet nicht, dass sich der Anbieter die hinter dem Verweis oder Link liegenden Inhalte zu Eigen macht. Eine st\u00e4ndige Kontrolle der externen Links ist f\u00fcr den Anbieter ohne konkrete Hinweise auf Rechtsverst\u00f6\u00dfe nicht zumutbar. Bei Kenntnis von Rechtsverst\u00f6\u00dfen werden jedoch derartige externe Links unverz\u00fcglich gel\u00f6scht.<\/p>\n<p><span style=\"color: #000000;\">\u00a7 3 Urheber- und Leistungsschutzrechte<\/span><br \/>\nDie auf dieser Website ver\u00f6ffentlichten Inhalte unterliegen dem deutschen Urheber- und Leistungsschutzrecht. Jede vom deutschen Urheber- und Leistungsschutzrecht nicht zugelassene Verwertung bedarf der vorherigen schriftlichen Zustimmung des Anbieters oder jeweiligen Rechteinhabers. Dies gilt insbesondere f\u00fcr Vervielf\u00e4ltigung, Bearbeitung, \u00dcbersetzung, Einspeicherung, Verarbeitung bzw. Wiedergabe von Inhalten in Datenbanken oder anderen elektronischen Medien und Systemen. Inhalte und Rechte Dritter sind dabei als solche gekennzeichnet. Die unerlaubte Vervielf\u00e4ltigung oder Weitergabe einzelner Inhalte oder kompletter Seiten ist nicht gestattet und strafbar. Lediglich die Herstellung von Kopien und Downloads f\u00fcr den pers\u00f6nlichen, privaten und nicht kommerziellen Gebrauch ist erlaubt.<\/p>\n<p>Die Darstellung dieser Website in fremden Frames ist nur mit schriftlicher Erlaubnis zul\u00e4ssig.<\/p>\n<p><span style=\"color: #000000;\">\u00a7 4 Besondere Nutzungsbedingungen<\/span><br \/>\nSoweit besondere Bedingungen f\u00fcr einzelne Nutzungen dieser Website von den vorgenannten Paragraphen abweichen, wird an entsprechender Stelle ausdr\u00fccklich darauf hingewiesen. In diesem Falle gelten im jeweiligen Einzelfall die besonderen Nutzungsbedingungen.<\/p>\n<p>Quelle: <a href=\"https:\/\/www.openpr.de\">Einbock GmbH<\/a><\/p>\n","protected":false},"excerpt":{"rendered":"<p>Email Webteam: info[at]03fotos.de Filmstadt Inferno 1999: fi99[at]03fotos.de Ultra Unfug: ultraunfug[at]03fotos.de Facebook Nordkurve Babelsberg Instagram 03fotosde Instagram Disclaimer \u2013 rechtliche Hinweise \u00a7 1 Warnhinweis zu Inhalten Die kostenlosen und frei zug\u00e4nglichen Inhalte dieser Webseite wurden mit gr\u00f6\u00dftm\u00f6glicher Sorgfalt erstellt. Der Anbieter dieser Webseite \u00fcbernimmt jedoch keine Gew\u00e4hr f\u00fcr die Richtigkeit und Aktualit\u00e4t der bereitgestellten kostenlosen und [&hellip;]<\/p>\n","protected":false},"author":1,"featured_media":0,"parent":0,"menu_order":9,"comment_status":"closed","ping_status":"closed","template":"","meta":{"_mi_skip_tracking":false},"_links":{"self":[{"href":"https:\/\/03fotos.de\/index.php?rest_route=\/wp\/v2\/pages\/17"}],"collection":[{"href":"https:\/\/03fotos.de\/index.php?rest_route=\/wp\/v2\/pages"}],"about":[{"href":"https:\/\/03fotos.de\/index.php?rest_route=\/wp\/v2\/types\/page"}],"author":[{"embeddable":true,"href":"https:\/\/03fotos.de\/index.php?rest_route=\/wp\/v2\/users\/1"}],"replies":[{"embeddable":true,"href":"https:\/\/03fotos.de\/index.php?rest_route=%2Fwp%2Fv2%2Fcomments&post=17"}],"version-history":[{"count":20,"href":"https:\/\/03fotos.de\/index.php?rest_route=\/wp\/v2\/pages\/17\/revisions"}],"predecessor-version":[{"id":3034,"href":"https:\/\/03fotos.de\/index.php?rest_route=\/wp\/v2\/pages\/17\/revisions\/3034"}],"wp:attachment":[{"href":"https:\/\/03fotos.de\/index.php?rest_route=%2Fwp%2Fv2%2Fmedia&parent=17"}],"curies":[{"name":"wp","href":"https:\/\/api.w.org\/{rel}","templated":true}]}}