{"id":3510,"date":"2022-08-18T10:10:25","date_gmt":"2022-08-18T10:10:25","guid":{"rendered":"https:\/\/03fotos.de\/?page_id=3510"},"modified":"2025-08-08T20:22:58","modified_gmt":"2025-08-08T20:22:58","slug":"2022-2023","status":"publish","type":"page","link":"https:\/\/03fotos.de\/?page_id=3510","title":{"rendered":"2022\/2023"},"content":{"rendered":"<h2 style=\"text-align: center;\"><span style=\"color: #1b466d;\"><strong>REGIONALLIGA NORDOST<\/strong><\/span><\/h2>\n<p style=\"text-align: center;\"><a href=\"https:\/\/03fotos.de\/?page_id=3521\"><strong>1. SPIELTAG: BSG CHEMIE LEIPZIG (4:2 \/\/ H)<\/strong><\/a><\/p>\n<p style=\"text-align: center;\"><a href=\"https:\/\/03fotos.de\/?page_id=3527\"><strong>2. SPIELTAG: HERTHA BSC II (0:1 \/\/ A)<\/strong><\/a><\/p>\n<p style=\"text-align: center;\"><a href=\"https:\/\/03fotos.de\/?page_id=3531\"><strong>3. SPIELTAG: VSG ALTGLIENICKE (2:2 \/\/ H)<\/strong><\/a><\/p>\n<p style=\"text-align: center;\"><a href=\"https:\/\/03fotos.de\/?page_id=3543\"><strong>4. SPIELTAG: VIKTORIA BERLIN (0:1 \/\/ A)<\/strong><\/a><\/p>\n<p style=\"text-align: center;\"><a href=\"https:\/\/03fotos.de\/?page_id=3557\"><strong>5. SPIELTAG: FSV LUCKENWALDE (1:1 \/\/ H)<\/strong><\/a><\/p>\n<p style=\"text-align: center;\"><a href=\"https:\/\/03fotos.de\/?page_id=3564\"><strong>6. SPIELTAG: TENNIS BORUSSIA BERLIN (0:1 \/\/ A)<\/strong><\/a><\/p>\n<p style=\"text-align: center;\"><a href=\"https:\/\/03fotos.de\/?page_id=3576\"><strong>7. SPIELTAG: SV LICHTENBERG 47 (2:2 \/\/ H)<\/strong><\/a><\/p>\n<p style=\"text-align: center;\"><a href=\"https:\/\/03fotos.de\/?page_id=3582\"><strong>8. SPIELTAG: GREIFSWALDER FC (0:2 \/\/ A)<\/strong><\/a><\/p>\n<p style=\"text-align: center;\"><a href=\"https:\/\/03fotos.de\/?page_id=3587\"><strong>9. SPIELTAG: ZFC MEUSELWITZ (3:0 \/\/ H)<\/strong><\/a><\/p>\n<p style=\"text-align: center;\"><a href=\"https:\/\/03fotos.de\/?page_id=3595\"><strong>10. SPIELTAG: BFC DYNAMO (2:1 \/\/ A)<\/strong><\/a><\/p>\n<p style=\"text-align: center;\"><a href=\"https:\/\/03fotos.de\/?page_id=3602\"><strong>11. SPIELTAG: BERLINER AK 07 (0:0 \/\/ H)<\/strong><\/a><\/p>\n<p style=\"text-align: center;\"><a href=\"https:\/\/03fotos.de\/?page_id=3607\"><strong>12. SPIELTAG: VFB GERMANIA HALBERSTADT (1:5 \/\/ A)<\/strong><\/a><\/p>\n<p style=\"text-align: center;\"><a href=\"https:\/\/03fotos.de\/?page_id=3615\"><strong>13. SPIELTAG: CHEMNITZER FC (0:2 \/\/ H)<\/strong><\/a><\/p>\n<p style=\"text-align: center;\"><a href=\"https:\/\/03fotos.de\/?page_id=3631\"><strong>14. SPIELTAG: ROT-WEISS ERFURT (6:2 \/\/ A)<\/strong><\/a><\/p>\n<p style=\"text-align: center;\"><a href=\"https:\/\/03fotos.de\/?page_id=3636\"><strong>15. SPIELTAG: FC CARL-ZEISS JENA (0:1 \/\/ H)<\/strong><\/a><\/p>\n<p style=\"text-align: center;\"><a href=\"https:\/\/03fotos.de\/?page_id=3645\"><strong>16. SPIELTAG: FC ENERGIE COTTBUS  (0:1 \/\/ H)<\/strong><\/a><\/p>\n<p style=\"text-align: center;\"><a href=\"https:\/\/03fotos.de\/?page_id=3666\"><strong>17. SPIELTAG: 1.FC LOKOMOTIVE LEIPZIG  (4:3 \/\/ A)<\/strong><\/a><\/p>\n<p style=\"text-align: center;\"><a href=\"https:\/\/03fotos.de\/?page_id=3653\"><strong>18. SPIELTAG: BSG CHEMIE LEIPZIG  (1:1 \/\/ A)<\/strong><\/a><\/p>\n<p style=\"text-align: center;\"><a href=\"https:\/\/03fotos.de\/?page_id=3660\"><strong>19. SPIELTAG: HERTHA BSC U23 (1:0 \/\/ H)<\/strong><\/a><\/p>\n<p style=\"text-align: center;\"><a href=\"https:\/\/03fotos.de\/?page_id=3700\"><strong>20. SPIELTAG: VSG ALTGLIENICKE (1:2 \/\/ A)<\/strong><\/a><\/p>\n<p style=\"text-align: center;\"><a href=\"https:\/\/03fotos.de\/?page_id=3671\"><strong>21. SPIELTAG: VIKTORIA BERLIN (0:2 \/\/ H)<\/strong><\/a><\/p>\n<p style=\"text-align: center;\"><a href=\"https:\/\/03fotos.de\/?page_id=3679\"><strong>22. SPIELTAG: FSV LUCKENWALDE (3:1 \/ A)<\/strong><\/a><\/p>\n<p style=\"text-align: center;\"><a href=\"https:\/\/03fotos.de\/?page_id=3688\"><strong>23. SPIELTAG: TENNIS BORUSSIA (0:0 \/ H)<\/strong><\/a><\/p>\n<p style=\"text-align: center;\"><a href=\"https:\/\/03fotos.de\/?page_id=3707\"><strong>24. SPIELTAG: LICHTENBERG 47 (0:1 \/ A)<\/strong><\/a><\/p>\n<p style=\"text-align: center;\"><a href=\"https:\/\/03fotos.de\/?page_id=3695\"><strong>25. SPIELTAG: GREIFSWALDER FC (1:2 \/ H)<\/strong><\/a><\/p>\n<p style=\"text-align: center;\"><a href=\"https:\/\/03fotos.de\/?page_id=3713\"><strong>26. SPIELTAG: ZFC MEUSELWITZ (0:3 \/ A)<\/strong><\/a><\/p>\n<p style=\"text-align: center;\"><a href=\"https:\/\/03fotos.de\/?page_id=3718\"><strong>27. SPIELTAG: BFC DYNAMO (1:1 \/ H)<\/strong><\/a><\/p>\n<p style=\"text-align: center;\"><a href=\"https:\/\/03fotos.de\/?page_id=3724\"><strong>28. SPIELTAG: BERLINER AK  (2:2 \/ A)<\/strong><\/a><\/p>\n<p style=\"text-align: center;\"><a href=\"https:\/\/03fotos.de\/?page_id=3746\"><strong>29. SPIELTAG: VFB GERMANIA HALBERSTADT (2:0 \/ H)<\/strong><\/a><\/p>\n<p style=\"text-align: center;\"><a href=\"https:\/\/03fotos.de\/?page_id=3730\"><strong>30. SPIELTAG: CHEMNITZER FC  (1:1 \/ A)<\/strong><\/a><\/p>\n<p style=\"text-align: center;\"><a href=\"https:\/\/03fotos.de\/?page_id=3736\"><strong>31. SPIELTAG: ROT-WEISS ERFURT  (2:0 \/ H)<\/strong><\/a><\/p>\n<p style=\"text-align: center;\"><a href=\"https:\/\/03fotos.de\/?page_id=3751\"><strong>32. SPIELTAG: FC CARL ZEISS JENA  (0:0 \/ A)<\/strong><\/a><\/p>\n<p style=\"text-align: center;\"><a href=\"https:\/\/03fotos.de\/?page_id=3758\"><strong>33. SPIELTAG: FC ENERGIE COTTBUS  (1:0 \/ A)<\/strong><\/a><\/p>\n<p style=\"text-align: center;\"><a href=\"https:\/\/03fotos.de\/?page_id=3765\"><strong>34. SPIELTAG: 1.FC LOKOMOTIVE LEIPZIG  (0:3 \/ H)<\/strong><\/a><\/p>\n<h2 style=\"text-align: center;\"><span style=\"color: #1b466d;\"><strong>LANDESPOKAL<\/strong><\/span><span style=\"text-decoration: underline;\"><strong><br \/>\n<\/strong><\/span><\/h2>\n<p style=\"text-align: center;\"><a href=\"https:\/\/03fotos.de\/?page_id=3550\"><strong>1.RUNDE: GR\u00dcN-WEI\u00df BRIESELANG (0:5 \/\/ A)<\/strong><\/a><\/p>\n<p style=\"text-align: center;\"><a href=\"https:\/\/03fotos.de\/?page_id=3570\"><strong>2.RUNDE: GR\u00dcN-WEI\u00df L\u00dcBBEN (2:4 \/\/ A)<\/strong><\/a><\/p>\n<p style=\"text-align: center;\"><a href=\"https:\/\/03fotos.de\/?page_id=3623\"><strong>ACHTELFINALE: FC ENERGIE COTTBUS (2:1 \/\/ A)<\/strong><\/a><\/p>\n<h2 style=\"text-align: center;\"><span style=\"color: #1b466d;\"><strong>SONSTIGE<\/strong><\/span><span style=\"text-decoration: underline;\"><strong><br \/>\n<\/strong><\/span><\/h2>\n<p style=\"text-align: center;\"><a href=\"https:\/\/03fotos.de\/?page_id=3514\"><strong>TESTSPIEL: FC ST. PAULI U23 (3:2 \/\/ H)<\/strong><\/a><\/p>\n<p><a href=\"https:\/\/03fotos.de\/?page_id=2\"><img decoding=\"async\" class=\"aligncenter\" src=\"http:\/\/03fotos.de\/images\/allgemein\/jahresuebersicht.jpg\" alt=\"\" \/><\/a><\/p>\n","protected":false},"excerpt":{"rendered":"<p>REGIONALLIGA NORDOST 1. SPIELTAG: BSG CHEMIE LEIPZIG (4:2 \/\/ H) 2. SPIELTAG: HERTHA BSC II (0:1 \/\/ A) 3. SPIELTAG: VSG ALTGLIENICKE (2:2 \/\/ H) 4. SPIELTAG: VIKTORIA BERLIN (0:1 \/\/ A) 5. SPIELTAG: FSV LUCKENWALDE (1:1 \/\/ H) 6. SPIELTAG: TENNIS BORUSSIA BERLIN (0:1 \/\/ A) 7. SPIELTAG: SV LICHTENBERG 47 (2:2 \/\/ H) [&hellip;]<\/p>\n","protected":false},"author":1,"featured_media":0,"parent":2,"menu_order":4,"comment_status":"closed","ping_status":"closed","template":"","meta":{"_mi_skip_tracking":false},"_links":{"self":[{"href":"https:\/\/03fotos.de\/index.php?rest_route=\/wp\/v2\/pages\/3510"}],"collection":[{"href":"https:\/\/03fotos.de\/index.php?rest_route=\/wp\/v2\/pages"}],"about":[{"href":"https:\/\/03fotos.de\/index.php?rest_route=\/wp\/v2\/types\/page"}],"author":[{"embeddable":true,"href":"https:\/\/03fotos.de\/index.php?rest_route=\/wp\/v2\/users\/1"}],"replies":[{"embeddable":true,"href":"https:\/\/03fotos.de\/index.php?rest_route=%2Fwp%2Fv2%2Fcomments&post=3510"}],"version-history":[{"count":45,"href":"https:\/\/03fotos.de\/index.php?rest_route=\/wp\/v2\/pages\/3510\/revisions"}],"predecessor-version":[{"id":3768,"href":"https:\/\/03fotos.de\/index.php?rest_route=\/wp\/v2\/pages\/3510\/revisions\/3768"}],"up":[{"embeddable":true,"href":"https:\/\/03fotos.de\/index.php?rest_route=\/wp\/v2\/pages\/2"}],"wp:attachment":[{"href":"https:\/\/03fotos.de\/index.php?rest_route=%2Fwp%2Fv2%2Fmedia&parent=3510"}],"curies":[{"name":"wp","href":"https:\/\/api.w.org\/{rel}","templated":true}]}}