{"id":3570,"date":"2022-09-29T23:37:20","date_gmt":"2022-09-29T23:37:20","guid":{"rendered":"https:\/\/03fotos.de\/?page_id=3570"},"modified":"2022-09-29T23:37:20","modified_gmt":"2022-09-29T23:37:20","slug":"gruen-weiss-luebben-a","status":"publish","type":"page","link":"https:\/\/03fotos.de\/?page_id=3570","title":{"rendered":"GR\u00dcN-WEI\u00df L\u00dcBBEN (A)"},"content":{"rendered":"<p><img decoding=\"async\" class=\"aligncenter\" src=\"http:\/\/03fotos.de\/images\/erste\/2223\/gwl\/01.jpg\" alt=\"\" \/><br \/>\n<img decoding=\"async\" class=\"aligncenter\" src=\"http:\/\/03fotos.de\/images\/erste\/2223\/gwl\/02.jpg\" alt=\"\" \/><br \/>\n<img decoding=\"async\" class=\"aligncenter\" src=\"http:\/\/03fotos.de\/images\/erste\/2223\/gwl\/03.jpg\" alt=\"\" \/><br \/>\n<img decoding=\"async\" class=\"aligncenter\" src=\"http:\/\/03fotos.de\/images\/erste\/2223\/gwl\/04.jpg\" alt=\"\" \/><br \/>\n<img decoding=\"async\" class=\"aligncenter\" src=\"http:\/\/03fotos.de\/images\/erste\/2223\/gwl\/05.jpg\" alt=\"\" \/><br \/>\n<img decoding=\"async\" class=\"aligncenter\" src=\"http:\/\/03fotos.de\/images\/erste\/2223\/gwl\/06.jpg\" alt=\"\" \/><br \/>\n<img decoding=\"async\" class=\"aligncenter\" src=\"http:\/\/03fotos.de\/images\/erste\/2223\/gwl\/07.jpg\" alt=\"\" \/><br \/>\n<img decoding=\"async\" class=\"aligncenter\" src=\"http:\/\/03fotos.de\/images\/erste\/2223\/gwl\/08.jpg\" alt=\"\" \/><\/p>\n<p><a href=\"https:\/\/03fotos.de\/?page_id=3510\"><img decoding=\"async\" class=\"aligncenter\" src=\"http:\/\/03fotos.de\/images\/allgemein\/saisonuebersicht.jpg\" alt=\"\" \/><\/a><\/p>\n","protected":false},"excerpt":{"rendered":"","protected":false},"author":1,"featured_media":0,"parent":3510,"menu_order":9,"comment_status":"closed","ping_status":"closed","template":"","meta":{"_mi_skip_tracking":false},"_links":{"self":[{"href":"https:\/\/03fotos.de\/index.php?rest_route=\/wp\/v2\/pages\/3570"}],"collection":[{"href":"https:\/\/03fotos.de\/index.php?rest_route=\/wp\/v2\/pages"}],"about":[{"href":"https:\/\/03fotos.de\/index.php?rest_route=\/wp\/v2\/types\/page"}],"author":[{"embeddable":true,"href":"https:\/\/03fotos.de\/index.php?rest_route=\/wp\/v2\/users\/1"}],"replies":[{"embeddable":true,"href":"https:\/\/03fotos.de\/index.php?rest_route=%2Fwp%2Fv2%2Fcomments&post=3570"}],"version-history":[{"count":1,"href":"https:\/\/03fotos.de\/index.php?rest_route=\/wp\/v2\/pages\/3570\/revisions"}],"predecessor-version":[{"id":3571,"href":"https:\/\/03fotos.de\/index.php?rest_route=\/wp\/v2\/pages\/3570\/revisions\/3571"}],"up":[{"embeddable":true,"href":"https:\/\/03fotos.de\/index.php?rest_route=\/wp\/v2\/pages\/3510"}],"wp:attachment":[{"href":"https:\/\/03fotos.de\/index.php?rest_route=%2Fwp%2Fv2%2Fmedia&parent=3570"}],"curies":[{"name":"wp","href":"https:\/\/api.w.org\/{rel}","templated":true}]}}